{"id":65,"date":"2023-10-03T19:54:59","date_gmt":"2023-10-03T17:54:59","guid":{"rendered":"http:\/\/www.liberacite.com\/?page_id=65"},"modified":"2023-10-03T20:05:06","modified_gmt":"2023-10-03T18:05:06","slug":"biographie-de-lauteur","status":"publish","type":"page","link":"https:\/\/www.liberacite.com\/index.php\/biographie-de-lauteur\/","title":{"rendered":"Biographie de l&rsquo;auteur"},"content":{"rendered":"\n<p><strong>Par l&rsquo;\u00e9diteur<\/strong><\/p>\n\n\n\n<p>Apr\u00e8s 25 ans d\u2019engagement professionnel dans\u00a0la\u00a0coop\u00e9ration Nord-Sud pour un acc\u00e8s universel \u00e0 une \u00e9lectricit\u00e9 durable, Gauthier\u00a0Dupont nous propose son premier essai politique. Contrairement aux auteurs habituels de ce genre d&rsquo;ouvrage, il ne vient ni du monde politique, ni de la recherche ou du journalisme, mais de l\u2019action concr\u00e8te en entreprises.\u00a0<\/p>\n\n\n\n<p><strong>Autobiographie<\/strong><\/p>\n\n\n\n<p>\u00ab&nbsp;N\u00e9 \u00e0 Bruxelles, mort ailleurs&nbsp;\u00bb, telle pourra \u00eatre mon \u00e9pitaphe. Radicalement belge, gaucher et francophone, j\u2019ai pourtant parcouru le monde des humains, appris vaille que vaille sur le tard et sur le tas deux trois langues \u00e9trang\u00e8res, profitant au passage de splendides et fascinants paysages. Mes dipl\u00f4mes de physiciens et de g\u00e9ophysiciens en poche, mon premier patron, un vrai bon patron comme on n\u2019en fait plus, me droppa en \u00c9quateur, puis en Indon\u00e9sie, au Maroc et ailleurs. R\u00e9solument engag\u00e9 dans la coop\u00e9ration dans les pays en voie de d\u00e9veloppement, pauvre dans mon pays, mais riche aux yeux de mes h\u00f4tes, je contribuais \u00e0 construire un monde meilleur. Expression \u00e9cul\u00e9e, mais v\u00e9cue. Ing\u00e9nieur en planification, je concevais et tra\u00e7ais des r\u00e9seaux \u00e9lectriques en devenir qui permettraient \u00e0 des centaines de milliers d\u2019autres \u00eatres humains de finalement b\u00e9n\u00e9ficier d\u2019un service pour le moins n\u00e9cessaire. Huit ans dans un petit cabinet de conseil d\u2019une dizaine de personnes, une tentative repouss\u00e9e de rentrer dans son actionnariat, une migration \u00e9conomique en Allemagne hasardeusement con\u00e7ue avec un b\u00e9b\u00e9 de six mois mais globalement r\u00e9ussie. Huit ans de plus dans des cabinets plus grands mais encore \u00e0 \u00e9chelle humaine \u00e0 parcourir essentiellement l\u2019Afrique francophone. D\u00e9j\u00e0 plus de quinze ans d\u2019exp\u00e9rience professionnelle et pourtant toujours consid\u00e9r\u00e9 comme un junior par une bande de&nbsp;<em>boomers<\/em>&nbsp;d\u00e9termin\u00e9s \u00e0 ne pas donner leur chance aux g\u00e9n\u00e9rations suivantes. N\u2019ayant plus grand-chose \u00e0 apprendre d\u2019eux et rien \u00e0 en attendre, je me mis \u00e0 mon compte. J\u2019avais entretemps consacr\u00e9 mes temps libres \u00e0 r\u00e9ussir avec brio un&nbsp;<em>Executive Master en Management<\/em>. J\u2019en avais assez de me faire snober par des dipl\u00f4m\u00e9s en marketing, ressources humaines, \u00e9conomie, finance ou management, devenus gr\u00e2ce \u00e0 leur titre ronflant les sup\u00e9rieurs hi\u00e9rarchiques d\u2019ing\u00e9nieurs bien plus utiles qu\u2019eux \u00e0 la soci\u00e9t\u00e9. Maintenant, je poss\u00e8de moi aussi le bout de papier qui dit que je suis dor\u00e9navant un des leurs.<\/p>\n\n\n\n<p>Tout d\u2019un coup, ce dipl\u00f4me et l\u2019aura de l\u2019entrepreneur attira l\u2019attention des fameux chasseurs de t\u00eates qui se d\u00e9cid\u00e8rent enfin \u00e0 appr\u00e9cier la mienne. Je n\u2019avais pas chang\u00e9, mais le regard des autres bien. Path\u00e9tique, affligeant, mais r\u00e9el. L\u2019un d\u2019eux me proposa d\u2019entrer honorablement dans un des&nbsp;<em>Big Four<\/em>, ces redoutables cabinets d&rsquo;audit financier et de conseil. Jamais je n\u2019avais song\u00e9 \u00e0 un tel tournant professionnel, mais l\u2019occasion donn\u00e9e d\u2019\u0153uvrer avec le&nbsp;<em>diable<\/em>&nbsp;afin d\u2019apprendre \u00e0 le conna\u00eetre motiva la d\u00e9cision de m\u2019installer encore plus loin de mon petit pays absurde mais attachant. J\u2019entra\u00eenai donc femme et deux enfants \u00e0&nbsp;<em>Disneyworld dans le d\u00e9sert<\/em>. Quatre ans de travail incessant sous l\u2019agr\u00e9able soleil d\u2019Abu Dhabi \u00e0 promouvoir la&nbsp;<em>sustainability<\/em>&nbsp;dans une r\u00e9gion o\u00f9 la pollution par habitant est une des plus \u00e9lev\u00e9es au monde et \u00e0 tenter de prot\u00e9ger mon \u00e9quipe de jeunes anges extr\u00eamement talentueux de cet environnement entrepreneurial hautement comp\u00e9titif, d\u00e8s lors forc\u00e9ment toxique. Le&nbsp;<em>syst\u00e8me<\/em>&nbsp;ne s\u2019est pas embarrass\u00e9 de me d\u00e9voiler ses secrets, pensant que j\u2019\u00e9tais un des leurs. Fra\u00eechement nomm\u00e9&nbsp;<em>Associate Partner<\/em>, la d\u00e9mission fut onctueuse. Veni, vidi, vici, abii. Ayant quitt\u00e9 la consultance pour l\u2019industrie, j\u2019aide maintenant mes coll\u00e8gues japonais \u00e0 d\u00e9velopper une technologie unique de stockage de l\u2019\u00e9nergie bien n\u00e9cessaire au d\u00e9ploiement des \u00e9nergies renouvelables, essayant d\u2019allier une mentalit\u00e9 de startup aux traditions plus que centenaires.<\/p>\n\n\n\n<p>Une autre vie, acad\u00e9mique celle-l\u00e0, se profilait pourtant plus logiquement en continuation de mes dipl\u00f4mes d\u00e9croch\u00e9s avec grande distinction. Encourag\u00e9 par la gent professorale, je soumis tout naturellement mon dossier de candidature au FNRS pour l\u2019obtention d\u2019une bourse de doctorat en m\u00e9t\u00e9orologie. Sans ressources familiales et endett\u00e9 malgr\u00e9 toutes ces ann\u00e9es d\u2019\u00e9tudes \u00e0 g\u00e2cher mes week-ends \u00e0 retourner des hamburgers et \u00e0 donner des cours particuliers \u00e0 des \u00e9tudiants pouss\u00e9s par des parents inquiets pour leur avenir, il me fallut boucher le trou de l\u2019\u00e9t\u00e9 \u00e0 la nouvelle ann\u00e9e. \u00c9margeant alors au CPAS (aide sociale belge \u2013 J\u2019y ai \u00e9t\u00e9 contraint par le service social de l\u2019universit\u00e9 pour pouvoir b\u00e9n\u00e9ficier d\u2019une bourse d\u2019\u00e9tudes) et ayant perdu le statut d\u2019\u00e9tudiant, m\u2019inscrire \u00e0 l\u2019agence pour l\u2019emploi \u00e9tait obligatoire pour conserver mes faibles droits. J\u2019y d\u00e9couvris la gamme de formations et d\u00e9cidai prestement \u00e0 tirer profit de ces quatre mois d\u2019attente pour compl\u00e9ter mes comp\u00e9tences. Malheureusement trop dipl\u00f4m\u00e9 pour que l\u2019\u00c9tat accepte de me financer un permis poids lourd que j\u2019aurais bien voulu obtenir, une formation d\u2019analyste-programmeur s\u2019imposa dans l\u2019attente de ma bourse qui fera de moi un chercheur. Le plan d\u2019aust\u00e9rit\u00e9 de 1996 du gouvernement belge savamment dos\u00e9 afin de respecter les tout nouveaux crit\u00e8res de Maastricht de l\u2019Union europ\u00e9enne en d\u00e9cida autrement (j\u2019ai r\u00e9cemment d\u00e9couvert cette cause premi\u00e8re en effectuant des recherches pour ce livre). En r\u00e9duisant drastiquement le nombre de bourses disponibles en derni\u00e8re minute \u00e0 cause d\u2019un budget rabot\u00e9, le service public se priva cette ann\u00e9e-l\u00e0 de quelques dizaines de cerveaux pourtant sp\u00e9cialement pr\u00e9par\u00e9s pour la recherche scientifique, dont le mien. Ne voulant et ne pouvant attendre un an de plus, je rebondis gr\u00e2ce \u00e0 la formation et plongeai dans l\u2019aventure professionnelle.<\/p>\n\n\n\n<p>Les circonstances dirigent parfois le destin, en tout cas le mien, ai-je cru pendant longtemps. Je n\u2019avais jamais vraiment su ce que je voulais faire de ma vie. Enfant, je pus le temps d\u2019un dessin m\u2019imaginer garde-chasse. La proximit\u00e9 avec les animaux sans doute. Adolescent, pilote de ligne me paraissait une option s\u00e9duisante. \u00c9tudiant, apprendre \u00e0 comprendre l\u2019univers me suffisait \u00e0 remplir le mien int\u00e9rieur dans un environnement \u00e0 la fois studieux et festif. Jeune employ\u00e9, je r\u00e9alisais sans le savoir mon r\u00eave, jusqu\u2019\u00e0 cette soir\u00e9e avec un excellent ami qui me rappela \u00e0 l\u2019ordre&nbsp;: \u00ab&nbsp;Comment oses-tu pr\u00e9tendre que tu ne savais pas ce que tu voulais faire&nbsp;? Tu as toujours voulu voyager&nbsp;\u00bb. Comme quoi, certains nous connaissent mieux que nous-m\u00eames. J\u2019ai donc&nbsp;voyag\u00e9, principalement pour des raisons professionnelles, et surtout rencontr\u00e9 des gens, de tous pays, nations, cultures et id\u00e9ologies. Cette confrontation \u00e0 l\u2019humanit\u00e9 r\u00e9elle dans sa diversit\u00e9 et mon engouement pour la chose politique expliquent la gen\u00e8se profonde de cet essai. Mon \u00e9ducation dans un coll\u00e8ge catholique, chouchout\u00e9 par des professeurs par vocation, n\u2019y est sans doute \u00e9galement pas \u00e9trang\u00e8re. J\u2019en ai trop vu pour croire, contrairement \u00e0 la plupart des intellectuels de la vieille Europe, qu\u2019il suffirait d\u2019appliquer&nbsp;<em>la bonne<\/em>&nbsp;th\u00e9orie socio-\u00e9conomique pour que la soci\u00e9t\u00e9 aille mieux pour tous. Le monde des humains est le m\u00eame partout, mais il est tout et son contraire. Rien de fatidique dans l\u2019histoire qu\u2019il reste \u00e0 construire. Rien qu\u2019une myriade perp\u00e9tuellement changeante de d\u00e9cisions individuelles \u2013 rationnelles et irrationnelles, tout d\u00e9pend du point de vue \u2013 se cristallisant parfois en des \u00e9lans collectifs. R\u00e9fl\u00e9chir et \u00e9laborer des th\u00e9ories aident \u00e0 trancher, mais il ne subsiste que le choix lorsque l\u2019on est confront\u00e9 au r\u00e9el. Et comme je l\u2019ai d\u00e9j\u00e0 \u00e9crit plusieurs fois, choisir pour le groupe c\u2019est faire de la politique. Mais pas n\u2019importe comment. Sur des principes. Ceux de cet essai.<\/p>\n","protected":false},"excerpt":{"rendered":"<p>Par l&rsquo;\u00e9diteur Apr\u00e8s 25 ans d\u2019engagement professionnel dans\u00a0la\u00a0coop\u00e9ration Nord-Sud pour un acc\u00e8s universel \u00e0 une \u00e9lectricit\u00e9 durable, Gauthier\u00a0Dupont nous propose son premier essai politique. Contrairement aux auteurs habituels de ce genre d&rsquo;ouvrage, il ne vient ni du monde politique, ni de la recherche ou du journalisme, mais de l\u2019action concr\u00e8te en entreprises.\u00a0 Autobiographie \u00ab&nbsp;N\u00e9 \u00e0 [&hellip;]<\/p>\n","protected":false},"author":1,"featured_media":0,"parent":0,"menu_order":900,"comment_status":"closed","ping_status":"closed","template":"","meta":{"footnotes":""},"class_list":["post-65","page","type-page","status-publish","hentry"],"_links":{"self":[{"href":"https:\/\/www.liberacite.com\/index.php\/wp-json\/wp\/v2\/pages\/65","targetHints":{"allow":["GET"]}}],"collection":[{"href":"https:\/\/www.liberacite.com\/index.php\/wp-json\/wp\/v2\/pages"}],"about":[{"href":"https:\/\/www.liberacite.com\/index.php\/wp-json\/wp\/v2\/types\/page"}],"author":[{"embeddable":true,"href":"https:\/\/www.liberacite.com\/index.php\/wp-json\/wp\/v2\/users\/1"}],"replies":[{"embeddable":true,"href":"https:\/\/www.liberacite.com\/index.php\/wp-json\/wp\/v2\/comments?post=65"}],"version-history":[{"count":2,"href":"https:\/\/www.liberacite.com\/index.php\/wp-json\/wp\/v2\/pages\/65\/revisions"}],"predecessor-version":[{"id":73,"href":"https:\/\/www.liberacite.com\/index.php\/wp-json\/wp\/v2\/pages\/65\/revisions\/73"}],"wp:attachment":[{"href":"https:\/\/www.liberacite.com\/index.php\/wp-json\/wp\/v2\/media?parent=65"}],"curies":[{"name":"wp","href":"https:\/\/api.w.org\/{rel}","templated":true}]}}