{"id":59,"date":"2023-10-03T19:51:55","date_gmt":"2023-10-03T17:51:55","guid":{"rendered":"http:\/\/www.liberacite.com\/?page_id=59"},"modified":"2023-10-05T14:13:43","modified_gmt":"2023-10-05T12:13:43","slug":"chapitre-9-le-developpement-technologique-utile","status":"publish","type":"page","link":"https:\/\/www.liberacite.com\/index.php\/chapitre-9-le-developpement-technologique-utile\/","title":{"rendered":"Chapitre 9 &#8211; Le d\u00e9veloppement technologique utile"},"content":{"rendered":"\n<p>&lt;\u00a0<a href=\"https:\/\/www.liberacite.com\/index.php\/chapitre-8-leconomie-utile\/\" data-type=\"page\" data-id=\"57\">chapitre 8<\/a>\u00a0\u00a0\u00a0\u00a0\u00a0\u00a0<a href=\"https:\/\/www.liberacite.com\/index.php\/chapitre-10-la-mondialisation-utile\/\" data-type=\"page\" data-id=\"61\">chapitre 10<\/a>\u00a0><\/p>\n\n\n\n<p><strong>Table des mati\u00e8res<\/strong><\/p>\n\n\n\n<p>\u00c9cologie et business<br>Le capitalisme n\u2019a aucun int\u00e9r\u00eat \u00e0 faire attention<br>Innovation et progr\u00e8s<br>R\u00e9seaux sociaux<\/p>\n\n\n\n<p><strong>Extrait<\/strong><\/p>\n\n\n\n<p>Qu\u2019elles aient \u00e9t\u00e9 invent\u00e9es par des adolescents dans leur garage, par des professeurs dans les universit\u00e9s, par des scientifiques dans les centres de recherche publics ou par des \u00e9quipes de recherche et d\u00e9veloppement en entreprise, les nouvelles technologies sont mises sur le march\u00e9 par le secteur priv\u00e9. Cet \u00e9tat de fait (qui n\u2019est pas in\u00e9luctable. Il r\u00e9sulte des politiques lib\u00e9rales) commande de les consid\u00e9rer avant tout comme une nouvelle source de profit. Le but commun consiste alors \u00e0 d\u00e9velopper \u00e0 partir des d\u00e9couvertes scientifiques et techniques (qu\u2019elles soient r\u00e9alis\u00e9es dans le secteur public ou priv\u00e9) des nouveaux produits ou services vendus avec la plus grande marge possible. Le capitalisme r\u00e9duit donc toute avanc\u00e9e technologique \u00e0 de l\u2019innovation marchande, ce qui n\u2019est pas sans cons\u00e9quence. Proposer quelque chose de nouveau sur le march\u00e9 ne contribue pas n\u00e9cessairement au progr\u00e8s. L\u2019usage des drones dans le domaine militaire nous en offre un exemple \u00e9vident et effrayant (\u00e0 moins que tuer son prochain de mani\u00e8re plus sophistiqu\u00e9e soit consid\u00e9r\u00e9 comme un perfectionnement civilisationnel). Le trading haute fr\u00e9quence en constitue un autre (quoique s\u2019enrichir en ne faisant rien est le r\u00eave de tout bon capitaliste). Il ne faut donc pas confondre&nbsp;<em>innovation<\/em>&nbsp;et&nbsp;<em>progr\u00e8s<\/em>. Certaines innovations font r\u00e9gresser l\u2019humanit\u00e9, et certains progr\u00e8s, \u00e0 l\u2019instar de l\u2019\u00e9galit\u00e9 homme-femme, ne n\u00e9cessitent aucune innovation technologique.<\/p>\n","protected":false},"excerpt":{"rendered":"<p>&lt;\u00a0chapitre 8\u00a0\u00a0\u00a0\u00a0\u00a0\u00a0chapitre 10\u00a0> Table des mati\u00e8res \u00c9cologie et businessLe capitalisme n\u2019a aucun int\u00e9r\u00eat \u00e0 faire attentionInnovation et progr\u00e8sR\u00e9seaux sociaux Extrait Qu\u2019elles aient \u00e9t\u00e9 invent\u00e9es par des adolescents dans leur garage, par des professeurs dans les universit\u00e9s, par des scientifiques dans les centres de recherche publics ou par des \u00e9quipes de recherche et d\u00e9veloppement en entreprise, [&hellip;]<\/p>\n","protected":false},"author":1,"featured_media":0,"parent":0,"menu_order":90,"comment_status":"closed","ping_status":"closed","template":"","meta":{"footnotes":""},"class_list":["post-59","page","type-page","status-publish","hentry"],"_links":{"self":[{"href":"https:\/\/www.liberacite.com\/index.php\/wp-json\/wp\/v2\/pages\/59","targetHints":{"allow":["GET"]}}],"collection":[{"href":"https:\/\/www.liberacite.com\/index.php\/wp-json\/wp\/v2\/pages"}],"about":[{"href":"https:\/\/www.liberacite.com\/index.php\/wp-json\/wp\/v2\/types\/page"}],"author":[{"embeddable":true,"href":"https:\/\/www.liberacite.com\/index.php\/wp-json\/wp\/v2\/users\/1"}],"replies":[{"embeddable":true,"href":"https:\/\/www.liberacite.com\/index.php\/wp-json\/wp\/v2\/comments?post=59"}],"version-history":[{"count":2,"href":"https:\/\/www.liberacite.com\/index.php\/wp-json\/wp\/v2\/pages\/59\/revisions"}],"predecessor-version":[{"id":143,"href":"https:\/\/www.liberacite.com\/index.php\/wp-json\/wp\/v2\/pages\/59\/revisions\/143"}],"wp:attachment":[{"href":"https:\/\/www.liberacite.com\/index.php\/wp-json\/wp\/v2\/media?parent=59"}],"curies":[{"name":"wp","href":"https:\/\/api.w.org\/{rel}","templated":true}]}}