{"id":57,"date":"2023-10-03T19:50:58","date_gmt":"2023-10-03T17:50:58","guid":{"rendered":"http:\/\/www.liberacite.com\/?page_id=57"},"modified":"2023-10-05T15:20:59","modified_gmt":"2023-10-05T13:20:59","slug":"chapitre-8-leconomie-utile","status":"publish","type":"page","link":"https:\/\/www.liberacite.com\/index.php\/chapitre-8-leconomie-utile\/","title":{"rendered":"Chapitre 8 &#8211; L&rsquo;\u00e9conomie utile"},"content":{"rendered":"\n<p>&lt;&nbsp;<a href=\"https:\/\/www.liberacite.com\/index.php\/chapitre-7-le-socialisme-utile\/\" data-type=\"page\" data-id=\"55\">chapitre 7<\/a>&nbsp;&nbsp;&nbsp;&nbsp;&nbsp;<a href=\"https:\/\/www.liberacite.com\/index.php\/chapitre-9-le-developpement-technologique-utile\/\" data-type=\"page\" data-id=\"59\">&nbsp;chapitre 9<\/a>&nbsp;&gt;<\/p>\n\n\n\n<p><strong>Table des mati\u00e8res<\/strong><\/p>\n\n\n\n<p>La dignit\u00e9 et le faire-ensemble<br>L\u2019\u00e9conomie n\u2019est pas une science<br>Les mod\u00e8les \u00e9conomiques ne sont que des mod\u00e8les<br>Petits conseils aux \u00e9conomistes<br>Usage utile de l\u2019\u00e9conomie en politique<br>Le d\u00e9sir de plus<br>La croissance, une affaire priv\u00e9e<br>Croissance micro\u00e9conomique<br>Indicateurs Cl\u00e9s de Contre-Performance (ICCP)<br>Le travail utile<br>Le travail bien fait<br>La finance utile<br>La sp\u00e9culation peut-elle \u00eatre utile\u00a0?<\/p>\n\n\n\n<p><strong>Extrait<\/strong><\/p>\n\n\n\n<p>Dans les faits, chacun ou chacune ressent plus les effets des al\u00e9as de la vie, de sa carri\u00e8re et de ses choix professionnels que ceux du contexte macro\u00e9conomique. C\u2019est un leurre de croire que nos conditions de vie s\u2019am\u00e9liorent surtout gr\u00e2ce \u00e0 la croissance, m\u00eame de mani\u00e8re statistique. La situation mat\u00e9rielle d\u2019un m\u00e9nage \u00e9volue au cours du temps surtout gr\u00e2ce au fait que les salaires se majorent g\u00e9n\u00e9ralement avec l\u2019\u00e2ge, parce que l\u2019on gagne en exp\u00e9rience et en savoir-faire et que l\u2019on monte cons\u00e9quemment dans la hi\u00e9rarchie sociale (jusqu\u2019\u00e0 ce que l\u2019on soit d\u00e9class\u00e9 parce que trop vieux ou trop cher). J\u2019appelle&nbsp;<em>croissance micro\u00e9conomique<\/em>&nbsp;cette croissance mat\u00e9rielle v\u00e9cue, r\u00e9elle et ressentie par chaque individu tout au long de sa vie. Pour exemple, mes revenus ont quadrupl\u00e9 sur les vingt-cinq derni\u00e8res ann\u00e9es, tandis que le PIB n\u2019a m\u00eame pas augment\u00e9 de moiti\u00e9, soit une croissance micro huit fois plus \u00e9lev\u00e9e que la macro.<\/p>\n","protected":false},"excerpt":{"rendered":"<p>&lt;&nbsp;chapitre 7&nbsp;&nbsp;&nbsp;&nbsp;&nbsp;&nbsp;chapitre 9&nbsp;&gt; Table des mati\u00e8res La dignit\u00e9 et le faire-ensembleL\u2019\u00e9conomie n\u2019est pas une scienceLes mod\u00e8les \u00e9conomiques ne sont que des mod\u00e8lesPetits conseils aux \u00e9conomistesUsage utile de l\u2019\u00e9conomie en politiqueLe d\u00e9sir de plusLa croissance, une affaire priv\u00e9eCroissance micro\u00e9conomiqueIndicateurs Cl\u00e9s de Contre-Performance (ICCP)Le travail utileLe travail bien faitLa finance utileLa sp\u00e9culation peut-elle \u00eatre utile\u00a0? Extrait Dans [&hellip;]<\/p>\n","protected":false},"author":1,"featured_media":0,"parent":0,"menu_order":80,"comment_status":"closed","ping_status":"closed","template":"","meta":{"footnotes":""},"class_list":["post-57","page","type-page","status-publish","hentry"],"_links":{"self":[{"href":"https:\/\/www.liberacite.com\/index.php\/wp-json\/wp\/v2\/pages\/57","targetHints":{"allow":["GET"]}}],"collection":[{"href":"https:\/\/www.liberacite.com\/index.php\/wp-json\/wp\/v2\/pages"}],"about":[{"href":"https:\/\/www.liberacite.com\/index.php\/wp-json\/wp\/v2\/types\/page"}],"author":[{"embeddable":true,"href":"https:\/\/www.liberacite.com\/index.php\/wp-json\/wp\/v2\/users\/1"}],"replies":[{"embeddable":true,"href":"https:\/\/www.liberacite.com\/index.php\/wp-json\/wp\/v2\/comments?post=57"}],"version-history":[{"count":3,"href":"https:\/\/www.liberacite.com\/index.php\/wp-json\/wp\/v2\/pages\/57\/revisions"}],"predecessor-version":[{"id":150,"href":"https:\/\/www.liberacite.com\/index.php\/wp-json\/wp\/v2\/pages\/57\/revisions\/150"}],"wp:attachment":[{"href":"https:\/\/www.liberacite.com\/index.php\/wp-json\/wp\/v2\/media?parent=57"}],"curies":[{"name":"wp","href":"https:\/\/api.w.org\/{rel}","templated":true}]}}