{"id":55,"date":"2023-10-03T19:49:48","date_gmt":"2023-10-03T17:49:48","guid":{"rendered":"http:\/\/www.liberacite.com\/?page_id=55"},"modified":"2024-04-29T13:46:26","modified_gmt":"2024-04-29T11:46:26","slug":"chapitre-7-le-socialisme-utile","status":"publish","type":"page","link":"https:\/\/www.liberacite.com\/index.php\/chapitre-7-le-socialisme-utile\/","title":{"rendered":"Chapitre 7 &#8211; Le socialisme utile"},"content":{"rendered":"\n<p>&lt;&nbsp;<a href=\"https:\/\/www.liberacite.com\/index.php\/chapitre-6-la-liberacite-le-capitalisme-utile\/\" data-type=\"page\" data-id=\"53\">chapitre 6<\/a>&nbsp;&nbsp;&nbsp;&nbsp;&nbsp;&nbsp;<a href=\"https:\/\/www.liberacite.com\/index.php\/chapitre-8-leconomie-utile\/\" data-type=\"page\" data-id=\"57\">chapitre 8<\/a>&nbsp;&gt;<\/p>\n\n\n\n<p><strong>Table des mati\u00e8res<\/strong><\/p>\n\n\n\n<p>Justice sociale et lib\u00e9racit\u00e9<br>Dis-moi comment tu gagnes ton argent et je te dirai qui tu es<br>\u00c9galit\u00e9 des chances et m\u00e9ritocratie<br>Tous les \u00eatres humains naissent in\u00e9gaux, sauf en droit<\/p>\n\n\n\n<p><strong>Extrait<\/strong><\/p>\n\n\n\n<p>Tout comme le capitalisme, le socialisme n\u2019est pas un syst\u00e8me politique. Le premier est une doctrine \u00e9conomique et le second une id\u00e9ologie socio-\u00e9conomique qui pr\u00f4ne la justice sociale, mais qui laisse ouverte la question du comment accomplir cette magnifique mission. Bien des combinaisons ont \u00e9t\u00e9 tent\u00e9es ces deux derniers si\u00e8cles. Le socialisme est et a \u00e9t\u00e9 d\u00e9clin\u00e9 de bien des mani\u00e8res, de d\u00e9mocratique \u00e0 totalitaire, ou de lib\u00e9ral \u00e0 religieux. Passons sur une \u00e9ventuelle critique historique, ainsi que sur les d\u00e9rives autoritaires qui ont pu se pr\u00e9tendre de ce bord, et observons son incidence dans la configuration actuelle \u00e0 dominante capitaliste. La justice sociale s\u2019y pr\u00e9sente comme un objectif parmi d\u2019autres, ces autres \u00e9tant avant tout \u00e9conomiques, avec la croissance et la libre concurrence en t\u00eate, accompagn\u00e9s de leur lot d\u2019in\u00e9galit\u00e9s in\u00e9vitables. C\u2019est pr\u00e9cis\u00e9ment lorsque ces derni\u00e8res deviennent trop criantes ou r\u00e9voltantes que la requ\u00eate socialiste s\u2019enclenche. Elle appara\u00eet d\u00e8s lors comme une contrainte impos\u00e9e au march\u00e9 et un frein au laisser-faire th\u00e9oriquement n\u00e9cessaire pour atteindre l\u2019optimum \u00e9conomique. La justice sociale dans un monde capitaliste est donc per\u00e7ue tel un boulet tirant l\u2019efficacit\u00e9 pr\u00e9tendument naturelle du syst\u00e8me vers le bas.<\/p>\n\n\n\n<p>Y ajoutant le fait \u00e9vident qu\u2019une r\u00e9partition plus \u00e9galitaire des richesses\u00a0<em>appauvrirait<\/em>\u00a0automatiquement les plus nantis, on comprend encore plus ais\u00e9ment que le socialisme leur pose quelques probl\u00e8mes. Lorsque le capitalisme devient syst\u00e8me politique h\u00e9g\u00e9monique, les int\u00e9r\u00eats \u00e9conomiques supplantent toute autre finalit\u00e9. Dans ce contexte, pourquoi les capitalistes devraient-ils accepter des mesures qui contreviennent \u00e0 leur croyance alors qu\u2019ils sont en position d\u2019imposer leurs vues\u00a0? Il est parfaitement\u00a0<em>normal<\/em>\u00a0pour eux \u2013 si d\u00e9fendre ses privil\u00e8ges est consid\u00e9r\u00e9 comme\u00a0<em>normal<\/em>\u00a0\u2013 de d\u00e9tricoter les acquis sociaux et de concevoir les in\u00e9galit\u00e9s comme tout \u00e0 fait\u00a0<em>normales<\/em>. Vouloir plus de justice sociale et \u00e9conomique revient \u00e0 attaquer de front les principes m\u00eames du capitalisme politis\u00e9. Les revendications socialistes critiquent donc ouvertement le syst\u00e8me et le remettent en cause, ce qui ne peut que provoquer une r\u00e9action sceptique et d\u00e9fensive du pouvoir en place, voire violente et offensive lorsqu\u2019il se sent menac\u00e9.<\/p>\n","protected":false},"excerpt":{"rendered":"<p>&lt;&nbsp;chapitre 6&nbsp;&nbsp;&nbsp;&nbsp;&nbsp;&nbsp;chapitre 8&nbsp;&gt; Table des mati\u00e8res Justice sociale et lib\u00e9racit\u00e9Dis-moi comment tu gagnes ton argent et je te dirai qui tu es\u00c9galit\u00e9 des chances et m\u00e9ritocratieTous les \u00eatres humains naissent in\u00e9gaux, sauf en droit Extrait Tout comme le capitalisme, le socialisme n\u2019est pas un syst\u00e8me politique. Le premier est une doctrine \u00e9conomique et le second [&hellip;]<\/p>\n","protected":false},"author":1,"featured_media":0,"parent":0,"menu_order":70,"comment_status":"closed","ping_status":"closed","template":"","meta":{"footnotes":""},"class_list":["post-55","page","type-page","status-publish","hentry"],"_links":{"self":[{"href":"https:\/\/www.liberacite.com\/index.php\/wp-json\/wp\/v2\/pages\/55","targetHints":{"allow":["GET"]}}],"collection":[{"href":"https:\/\/www.liberacite.com\/index.php\/wp-json\/wp\/v2\/pages"}],"about":[{"href":"https:\/\/www.liberacite.com\/index.php\/wp-json\/wp\/v2\/types\/page"}],"author":[{"embeddable":true,"href":"https:\/\/www.liberacite.com\/index.php\/wp-json\/wp\/v2\/users\/1"}],"replies":[{"embeddable":true,"href":"https:\/\/www.liberacite.com\/index.php\/wp-json\/wp\/v2\/comments?post=55"}],"version-history":[{"count":4,"href":"https:\/\/www.liberacite.com\/index.php\/wp-json\/wp\/v2\/pages\/55\/revisions"}],"predecessor-version":[{"id":208,"href":"https:\/\/www.liberacite.com\/index.php\/wp-json\/wp\/v2\/pages\/55\/revisions\/208"}],"wp:attachment":[{"href":"https:\/\/www.liberacite.com\/index.php\/wp-json\/wp\/v2\/media?parent=55"}],"curies":[{"name":"wp","href":"https:\/\/api.w.org\/{rel}","templated":true}]}}