{"id":53,"date":"2023-10-03T19:48:53","date_gmt":"2023-10-03T17:48:53","guid":{"rendered":"http:\/\/www.liberacite.com\/?page_id=53"},"modified":"2023-10-05T15:19:43","modified_gmt":"2023-10-05T13:19:43","slug":"chapitre-6-la-liberacite-le-capitalisme-utile","status":"publish","type":"page","link":"https:\/\/www.liberacite.com\/index.php\/chapitre-6-la-liberacite-le-capitalisme-utile\/","title":{"rendered":"Chapitre 6 &#8211; La lib\u00e9racit\u00e9, le capitalisme utile"},"content":{"rendered":"\n<p>&lt;&nbsp;<a href=\"https:\/\/www.liberacite.com\/index.php\/chapitre-5-la-legitimite-des-elus\/\" data-type=\"page\" data-id=\"51\">chapitre 5<\/a>&nbsp;&nbsp;&nbsp;&nbsp;&nbsp;&nbsp;<a href=\"https:\/\/www.liberacite.com\/index.php\/chapitre-7-le-socialisme-utile\/\" data-type=\"page\" data-id=\"55\">chapitre 7<\/a>&nbsp;&gt;<\/p>\n\n\n\n<p><strong>Table des mati\u00e8res<\/strong><\/p>\n\n\n\n<p>La valeur-progr\u00e8s<br>La valeur-prix<br>Perversion de la valeur-progr\u00e8s par le lib\u00e9ralisme capitaliste<br>La propri\u00e9t\u00e9 priv\u00e9e<br>Les capitalistes ont sciemment choisi de l\u2019\u00eatre<br>La lutte de la classe des capitalistes<br>H\u00e9g\u00e9monie du capitalisme<br>Proposition de mutation du lib\u00e9ralisme<br>Lib\u00e9racit\u00e9, s\u00e9paration du capitalisme et de l\u2019\u00c9tat<br>J&rsquo;entends d\u00e9j\u00e0 les objections<\/p>\n\n\n\n<p><strong>Extrait<\/strong><\/p>\n\n\n\n<p>Je propose un principe politique innovant qui peut \u00eatre ais\u00e9ment transcrit dans la loi, et pourquoi pas inscrit dans la Constitution&nbsp;:&nbsp;<em>la s\u00e9paration du capitalisme et de l\u2019\u00c9tat<\/em>, ce que j\u2019appelle la&nbsp;<em>lib\u00e9racit\u00e9<\/em>.<\/p>\n\n\n\n<p>La r\u00e9f\u00e9rence \u00e0 la la\u00efcit\u00e9 est \u00e9videmment intentionnelle, pour rappeler la n\u00e9cessaire s\u00e9paration des pouvoirs, l\u00e9gislatif, ex\u00e9cutif, judiciaire et religieux, auxquels j\u2019ajoute celui de l\u2019argent. Un gouvernement ne doit pas \u00eatre dirig\u00e9 par des capitalistes et l\u2019\u00c9tat ne doit pas agir comme un capitaliste. Chacun peut d\u00e9cider d\u2019entrer dans les ordres, s\u2019engager dans l\u2019arm\u00e9e, devenir juge ou capitaliste, mais il ne peut alors se lancer en politique. Il faut de nouveau chasser les marchands du temple. Tout comme l\u2019\u00e9loignement de l\u2019\u00c9glise de la chose publique a constitu\u00e9 un des fondements majeurs des Lumi\u00e8res en Europe il y a quelques si\u00e8cles, emp\u00eacher les capitalistes de man\u0153uvrer le pouvoir politique pour leur propre int\u00e9r\u00eat ouvrira de nouvelles perspectives insoup\u00e7onn\u00e9es pour une humanit\u00e9 ni trop injuste ni trop belliqueuse. On peut \u00e9galement l\u2019interpr\u00e9ter comme&nbsp;<em>lib\u00e9rale cit\u00e9<\/em>&nbsp;ou&nbsp;<em>lib\u00e9rer la cit\u00e9<\/em>, dans le sens de lib\u00e9rer les citoyens du joug de la classe dominante.<\/p>\n","protected":false},"excerpt":{"rendered":"<p>&lt;&nbsp;chapitre 5&nbsp;&nbsp;&nbsp;&nbsp;&nbsp;&nbsp;chapitre 7&nbsp;&gt; Table des mati\u00e8res La valeur-progr\u00e8sLa valeur-prixPerversion de la valeur-progr\u00e8s par le lib\u00e9ralisme capitalisteLa propri\u00e9t\u00e9 priv\u00e9eLes capitalistes ont sciemment choisi de l\u2019\u00eatreLa lutte de la classe des capitalistesH\u00e9g\u00e9monie du capitalismeProposition de mutation du lib\u00e9ralismeLib\u00e9racit\u00e9, s\u00e9paration du capitalisme et de l\u2019\u00c9tatJ&rsquo;entends d\u00e9j\u00e0 les objections Extrait Je propose un principe politique innovant qui peut \u00eatre [&hellip;]<\/p>\n","protected":false},"author":1,"featured_media":0,"parent":0,"menu_order":60,"comment_status":"closed","ping_status":"closed","template":"","meta":{"footnotes":""},"class_list":["post-53","page","type-page","status-publish","hentry"],"_links":{"self":[{"href":"https:\/\/www.liberacite.com\/index.php\/wp-json\/wp\/v2\/pages\/53","targetHints":{"allow":["GET"]}}],"collection":[{"href":"https:\/\/www.liberacite.com\/index.php\/wp-json\/wp\/v2\/pages"}],"about":[{"href":"https:\/\/www.liberacite.com\/index.php\/wp-json\/wp\/v2\/types\/page"}],"author":[{"embeddable":true,"href":"https:\/\/www.liberacite.com\/index.php\/wp-json\/wp\/v2\/users\/1"}],"replies":[{"embeddable":true,"href":"https:\/\/www.liberacite.com\/index.php\/wp-json\/wp\/v2\/comments?post=53"}],"version-history":[{"count":3,"href":"https:\/\/www.liberacite.com\/index.php\/wp-json\/wp\/v2\/pages\/53\/revisions"}],"predecessor-version":[{"id":149,"href":"https:\/\/www.liberacite.com\/index.php\/wp-json\/wp\/v2\/pages\/53\/revisions\/149"}],"wp:attachment":[{"href":"https:\/\/www.liberacite.com\/index.php\/wp-json\/wp\/v2\/media?parent=53"}],"curies":[{"name":"wp","href":"https:\/\/api.w.org\/{rel}","templated":true}]}}