{"id":51,"date":"2023-10-03T19:47:55","date_gmt":"2023-10-03T17:47:55","guid":{"rendered":"http:\/\/www.liberacite.com\/?page_id=51"},"modified":"2023-10-05T15:18:14","modified_gmt":"2023-10-05T13:18:14","slug":"chapitre-5-la-legitimite-des-elus","status":"publish","type":"page","link":"https:\/\/www.liberacite.com\/index.php\/chapitre-5-la-legitimite-des-elus\/","title":{"rendered":"Chapitre 5 &#8211; La l\u00e9gitimit\u00e9 des \u00e9lus"},"content":{"rendered":"\n<p>&lt;&nbsp;<a href=\"https:\/\/www.liberacite.com\/index.php\/chapitre-4-laltruisme-pour-un-leadership-utile\/\" data-type=\"page\" data-id=\"49\">chapitre 4<\/a>&nbsp;&nbsp;&nbsp;&nbsp;&nbsp;&nbsp;<a href=\"https:\/\/www.liberacite.com\/index.php\/chapitre-6-la-liberacite-le-capitalisme-utile\/\" data-type=\"page\" data-id=\"53\">chapitre 6<\/a>&nbsp;&gt;<\/p>\n\n\n\n<p><strong>Table des mati\u00e8res<\/strong><\/p>\n\n\n\n<p>L\u00e9gitimit\u00e9 en droit<br>L\u00e9gitimit\u00e9 politique<br>L\u00e9gitimit\u00e9 professionnelle<br>L\u00e9gitimit\u00e9 sociale<br>Pleine l\u00e9gitimit\u00e9<br>Menaces sur la l\u00e9gitimit\u00e9 en droit<br>Ill\u00e9gitimit\u00e9 des technocrates<br>Renforcement de la l\u00e9gitimit\u00e9 en droit par le mode de scrutin<br>Pas de vivre-ensemble sans l\u00e9gitimit\u00e9 politique<\/p>\n\n\n\n<p><strong>Extrait<\/strong><\/p>\n\n\n\n<p>La classe dominante exige qu\u2019on la respecte et l\u2019\u00e9coute, simplement du fait de sa position, mais la r\u00e9ciproque fait cruellement d\u00e9faut. Le&nbsp;<em>haut<\/em>&nbsp;devrait oser apprendre du&nbsp;<em>bas<\/em>&nbsp;et arr\u00eater de nier la capacit\u00e9 de jugement du peuple, plut\u00f4t que de le traiter d\u2019ignare et de lui professer la bonne parole du lib\u00e9ralisme capitaliste sans esprit critique. \u00c0 regarder de plus pr\u00e8s l\u2019\u00e9volution de l\u2019humanit\u00e9, il appara\u00eet que bien souvent ce sont plut\u00f4t les contestataires qui ont ouvert la voie et eu raison sur le temps long&nbsp;: les lib\u00e9raux pour l\u2019\u00e9tat de droit et la s\u00e9paration des pouvoirs, les suffragettes, les syndicats au&nbsp;xix<sup>e<\/sup>&nbsp;si\u00e8cle pour des conditions de travail d\u00e9centes, la R\u00e9sistance durant la Seconde Guerre mondiale ou plus r\u00e9cemment les manifestations pour le climat. Cette lecture des \u00e9v\u00e9nements pass\u00e9s r\u00e9v\u00e8le aussi que bien souvent le pouvoir en place se d\u00e9bat \u00e0 contre-courant de la marche de l\u2019histoire, plus affair\u00e9 \u00e0 d\u00e9fendre co\u00fbte que co\u00fbte ses privil\u00e8ges qu\u2019\u00e0 construire l\u2019avenir. L\u2019\u00e9lite contemporaine devrait se montrer plus intelligente que ses pr\u00e9d\u00e9cesseures et prendre le risque de faire confiance au peuple et d\u2019\u00e9couter les dissidents, tout comme elle le leur demande. C\u2019est \u00e0 ce prix d\u2019humilit\u00e9, de confiance et d\u2019all\u00e9geance mutuelles que nos responsables pourront asseoir une l\u00e9gitimit\u00e9 sociale solide.<\/p>\n","protected":false},"excerpt":{"rendered":"<p>&lt;&nbsp;chapitre 4&nbsp;&nbsp;&nbsp;&nbsp;&nbsp;&nbsp;chapitre 6&nbsp;&gt; Table des mati\u00e8res L\u00e9gitimit\u00e9 en droitL\u00e9gitimit\u00e9 politiqueL\u00e9gitimit\u00e9 professionnelleL\u00e9gitimit\u00e9 socialePleine l\u00e9gitimit\u00e9Menaces sur la l\u00e9gitimit\u00e9 en droitIll\u00e9gitimit\u00e9 des technocratesRenforcement de la l\u00e9gitimit\u00e9 en droit par le mode de scrutinPas de vivre-ensemble sans l\u00e9gitimit\u00e9 politique Extrait La classe dominante exige qu\u2019on la respecte et l\u2019\u00e9coute, simplement du fait de sa position, mais la r\u00e9ciproque fait [&hellip;]<\/p>\n","protected":false},"author":1,"featured_media":0,"parent":0,"menu_order":50,"comment_status":"closed","ping_status":"closed","template":"","meta":{"footnotes":""},"class_list":["post-51","page","type-page","status-publish","hentry"],"_links":{"self":[{"href":"https:\/\/www.liberacite.com\/index.php\/wp-json\/wp\/v2\/pages\/51","targetHints":{"allow":["GET"]}}],"collection":[{"href":"https:\/\/www.liberacite.com\/index.php\/wp-json\/wp\/v2\/pages"}],"about":[{"href":"https:\/\/www.liberacite.com\/index.php\/wp-json\/wp\/v2\/types\/page"}],"author":[{"embeddable":true,"href":"https:\/\/www.liberacite.com\/index.php\/wp-json\/wp\/v2\/users\/1"}],"replies":[{"embeddable":true,"href":"https:\/\/www.liberacite.com\/index.php\/wp-json\/wp\/v2\/comments?post=51"}],"version-history":[{"count":3,"href":"https:\/\/www.liberacite.com\/index.php\/wp-json\/wp\/v2\/pages\/51\/revisions"}],"predecessor-version":[{"id":148,"href":"https:\/\/www.liberacite.com\/index.php\/wp-json\/wp\/v2\/pages\/51\/revisions\/148"}],"wp:attachment":[{"href":"https:\/\/www.liberacite.com\/index.php\/wp-json\/wp\/v2\/media?parent=51"}],"curies":[{"name":"wp","href":"https:\/\/api.w.org\/{rel}","templated":true}]}}