{"id":49,"date":"2023-10-03T19:46:59","date_gmt":"2023-10-03T17:46:59","guid":{"rendered":"http:\/\/www.liberacite.com\/?page_id=49"},"modified":"2023-10-05T14:10:16","modified_gmt":"2023-10-05T12:10:16","slug":"chapitre-4-laltruisme-pour-un-leadership-utile","status":"publish","type":"page","link":"https:\/\/www.liberacite.com\/index.php\/chapitre-4-laltruisme-pour-un-leadership-utile\/","title":{"rendered":"Chapitre 4 &#8211; L&rsquo;altruisme pour un leadership utile"},"content":{"rendered":"\n<p>&lt;\u00a0<a href=\"https:\/\/www.liberacite.com\/index.php\/chapitre-3-le-vivre-ensemble-et-lutilite\/\" data-type=\"page\" data-id=\"32\">chapitre 3<\/a>\u00a0\u00a0\u00a0\u00a0\u00a0\u00a0<a href=\"https:\/\/www.liberacite.com\/index.php\/chapitre-5-la-legitimite-des-elus\/\" data-type=\"page\" data-id=\"51\">chapitre 5<\/a>\u00a0><\/p>\n\n\n\n<p><strong>Table des mati\u00e8res<\/strong><\/p>\n\n\n\n<p>Nous attendons ta venue<br>Nous choisissons nos repr\u00e9sentants<br>Le leadership utile<br>R\u00e9flexivit\u00e9 et r\u00e9ciprocit\u00e9 de l\u2019altruisme<br>L\u2019altruisme politique est contagieux<br>Compatibilit\u00e9 utile du pouvoir et de l\u2019altruisme<br>Mesure et apprentissage de l\u2019altruisme<br>La solidarit\u00e9 n\u2019est pas altruiste<br>L\u2019empathie et la compassion peuvent-elles \u00eatre utiles&nbsp;?<br>Ne dites plus \u00ab&nbsp;altruisme efficace&nbsp;\u00bb, mais \u00ab&nbsp;charit\u00e9 efficace&nbsp;\u00bb<\/p>\n\n\n\n<p><strong>Extrait<\/strong><\/p>\n\n\n\n<p>Les pilotes de chasse doivent avoir une vision parfaite et les psychiatres doivent avoir effectu\u00e9 une psychanalyse de plusieurs ann\u00e9es. Nous consid\u00e9rons tous \u00e9vident qu\u2019un chirurgien doit suivre une formation pouss\u00e9e avant de pouvoir nous ouvrir le corps avec un scalpel pour le soigner. En revanche, aucune qualification n\u2019est pour l\u2019instant requise aux hauts dirigeants, alors qu\u2019ils jouent avec notre pr\u00e9sent et notre avenir. Je ne vois pas en quoi cela pourrait poser de probl\u00e8mes d\u2019imposer aux personnes qui exercent une influence d\u00e9terminante sur la vie de tous les citoyens de pr\u00e9senter la qualit\u00e9 premi\u00e8re dont ils devraient faire preuve. Il est au contraire criminel de laisser n\u2019importe qui acc\u00e9der au pouvoir. Demander de nos \u00e9lus suffisamment d\u2019altruisme ne constitue aucunement une atteinte \u00e0 l\u2019\u00e9galit\u00e9 d\u2019acc\u00e8s \u00e0 la fonction publique, au regard des enjeux pour la soci\u00e9t\u00e9. Il serait absurde de laisser un aveugle conduire un bus scolaire. Cela l\u2019est tout autant de laisser des responsables \u00e9go\u00efstes, \u00e9gocentriques et sans scrupules diriger les affaires de l\u2019\u00c9tat. Nous n\u2019avons pas d\u2019autres choix que d\u2019imposer l\u2019altruisme au sein des instances publiques. Tant que nous n\u2019en aurons pas le courage, aucun espoir ne nous est permis de sortir de la logique de combat et de peur que nous inflige le lib\u00e9ralisme capitaliste ni de mettre fin aux in\u00e9galit\u00e9s flagrantes, \u00e0 l\u2019ali\u00e9nation des prol\u00e9taires et aux privil\u00e8ges ind\u00e9cents des ultra-riches.<\/p>\n","protected":false},"excerpt":{"rendered":"<p>&lt;\u00a0chapitre 3\u00a0\u00a0\u00a0\u00a0\u00a0\u00a0chapitre 5\u00a0> Table des mati\u00e8res Nous attendons ta venueNous choisissons nos repr\u00e9sentantsLe leadership utileR\u00e9flexivit\u00e9 et r\u00e9ciprocit\u00e9 de l\u2019altruismeL\u2019altruisme politique est contagieuxCompatibilit\u00e9 utile du pouvoir et de l\u2019altruismeMesure et apprentissage de l\u2019altruismeLa solidarit\u00e9 n\u2019est pas altruisteL\u2019empathie et la compassion peuvent-elles \u00eatre utiles&nbsp;?Ne dites plus \u00ab&nbsp;altruisme efficace&nbsp;\u00bb, mais \u00ab&nbsp;charit\u00e9 efficace&nbsp;\u00bb Extrait Les pilotes de chasse doivent [&hellip;]<\/p>\n","protected":false},"author":1,"featured_media":0,"parent":0,"menu_order":40,"comment_status":"closed","ping_status":"closed","template":"","meta":{"footnotes":""},"class_list":["post-49","page","type-page","status-publish","hentry"],"_links":{"self":[{"href":"https:\/\/www.liberacite.com\/index.php\/wp-json\/wp\/v2\/pages\/49","targetHints":{"allow":["GET"]}}],"collection":[{"href":"https:\/\/www.liberacite.com\/index.php\/wp-json\/wp\/v2\/pages"}],"about":[{"href":"https:\/\/www.liberacite.com\/index.php\/wp-json\/wp\/v2\/types\/page"}],"author":[{"embeddable":true,"href":"https:\/\/www.liberacite.com\/index.php\/wp-json\/wp\/v2\/users\/1"}],"replies":[{"embeddable":true,"href":"https:\/\/www.liberacite.com\/index.php\/wp-json\/wp\/v2\/comments?post=49"}],"version-history":[{"count":2,"href":"https:\/\/www.liberacite.com\/index.php\/wp-json\/wp\/v2\/pages\/49\/revisions"}],"predecessor-version":[{"id":138,"href":"https:\/\/www.liberacite.com\/index.php\/wp-json\/wp\/v2\/pages\/49\/revisions\/138"}],"wp:attachment":[{"href":"https:\/\/www.liberacite.com\/index.php\/wp-json\/wp\/v2\/media?parent=49"}],"curies":[{"name":"wp","href":"https:\/\/api.w.org\/{rel}","templated":true}]}}