{"id":352,"date":"2026-01-12T19:08:18","date_gmt":"2026-01-12T18:08:18","guid":{"rendered":"https:\/\/www.liberacite.com\/?page_id=352"},"modified":"2026-01-12T19:21:10","modified_gmt":"2026-01-12T18:21:10","slug":"eu-usa","status":"publish","type":"page","link":"https:\/\/www.liberacite.com\/index.php\/eu-usa\/","title":{"rendered":"L\u2019Europe n\u2019a rien \u00e0 attendre des \u00c9tats-Unis"},"content":{"rendered":"\n<p>12 janvier 2025<br>(extrait du livre \u00ab\u00a0Lib\u00e9racit\u00e9\u00a0\u00bb. Ce passage a \u00e9t\u00e9 \u00e9crit dans le courant de l&rsquo;ann\u00e9e 2020 et l\u00e9g\u00e8rement adapt\u00e9  avant publication).<\/p>\n\n\n\n<p>Ma g\u00e9n\u00e9ration X aurait grandi sous l\u2019aile bienfaisante des \u00c9tats-Unis. Militaire d\u2019abord. Sans eux, nous serions sous dominance nazie. Sans eux, nous serions communistes. C\u2019est ce qu\u2019on nous apprenait \u00e0 l\u2019\u00e9cole. \u00c9conomique ensuite, avec le plan Marshall et la conf\u00e9rence de Bretton Woods. Culturelle finalement. Joe Dassin, Michel Sardou et tant d\u2019autres nous pr\u00e9sentaient l\u2019Am\u00e9rique comme un paradis sur terre. Le cin\u00e9ma, la musique, du rock\u2018n\u2019roll au rap, l\u2019architecture et ses gratte-ciel, le pop art, Coca-Cola et McDonald\u2019s. L\u2019Europe s\u2019\u00e9tait mise \u00e0 l\u2019heure am\u00e9ricaine.<\/p>\n\n\n\n<p>Comment avons-nous, surtout nos parents et nos grands-parents, pu \u00eatre na\u00effs \u00e0 ce point\u00a0? L\u2019aide des \u00c9tats-Unis n\u2019a jamais \u00e9t\u00e9 ni gratuite ni sans arri\u00e8re-pens\u00e9es. La chanceli\u00e8re allemande Angela Merkel, dans son style professoral typique tout \u00e0 son honneur, nous a bien expliqu\u00e9 le 21 juin 2017, lors de la c\u00e9r\u00e9monie des septante ans du <strong>Plan Marshall<\/strong>, que cette initiative n\u2019avait rien d\u2019altruiste et qu\u2019elle avait bien eu pour but principal d\u2019imposer un march\u00e9 ouvert \u00e0 ses partenaires. Partenaires certes, mais \u00e9conomiques seulement, car dans les autres domaines pas question de contester l\u2019h\u00e9g\u00e9monie am\u00e9ricaine. Ces douze milliards de dollars de dons p\u00e8sent peu en regard des deux tiers du stock d\u2019or mondial qui se sont retrouv\u00e9s en possession des \u00c9tats-Unis \u00e0 la fin de la Seconde Guerre mondiale. Nombreux sont ceux qui ont d\u00e9j\u00e0 d\u00e9taill\u00e9 cette r\u00e9alit\u00e9 historique de <strong>mise sous tutelle \u00e9conomique et culturelle des pays b\u00e9n\u00e9ficiaires<\/strong>.<\/p>\n\n\n\n<p>Cet \u00e9pisode nous rappelle que la forme de mondialisation qui s\u2019installe r\u00e9sulte des rapports de forces et des jeux de puissances entre \u00c9tats. En se tournant syst\u00e9matiquement vers les \u00c9tats-Unis et l\u2019OTAN en mati\u00e8re d\u2019affaires \u00e9trang\u00e8res, en appliquant les trait\u00e9s de l\u2019Union europ\u00e9enne et en acceptant les RDIE, les pays d\u2019Europe de l\u2019Ouest reconnaissent le leadership am\u00e9ricain et embrassent le lib\u00e9ralisme capitaliste comme base id\u00e9ologique de toute relation internationale. Ceux qui adopteront la voie de la lib\u00e9racit\u00e9 et les autres principes propos\u00e9s dans ce livre ne devront pas se laisser intimider par ceux qui d\u00e9fendront bec et ongles le syst\u00e8me en place ni par certaines de leurs <strong>m\u00e9thodes qui in\u00e9vitablement se r\u00e9v\u00e9leront antid\u00e9mocratiques, amorales, cyniques ou violentes<\/strong>. Car le combat, la seule interaction que finalement les capitalistes sans fronti\u00e8res connaissent, sera rude, mais pas vain.<\/p>\n\n\n\n<p>L\u2019\u00e9lection de Donald Trump ne constitue certainement pas une erreur historique. Elle trahit l\u2019\u00e2me farouche et fi\u00e8re des <strong>\u00c9tats-Unis<\/strong>, et pas uniquement celle de l\u2019Am\u00e9rique profonde\u00a0: <strong>un pays principalement centr\u00e9 sur lui-m\u00eame, s\u00fbr de sa sup\u00e9riorit\u00e9 dans tous les domaines et n\u2019affichant qu\u2019un int\u00e9r\u00eat tr\u00e8s limit\u00e9 pour le reste du monde, si ce n\u2019est en termes \u00e9conomiques et guerriers<\/strong>. Le mur psychologique qui l\u2019emp\u00eache de voir au-del\u00e0 de sa propre conscience s\u2019\u00e9l\u00e8ve bien plus haut que celui que Trump voulait construire \u00e0 la fronti\u00e8re mexicaine. Il l\u2019a r\u00e9p\u00e9t\u00e9 \u00e0 l\u2019envi, \u00ab\u00a0America first\u00a0!\u00a0\u00bb. Non seulement Joe Biden le suit sur cette voie, mais il s\u2019aventure encore plus loin dans le fantasme de supr\u00e9matie des \u00c9tats-Unis. \u00ab\u00a0America is back\u00a0! America is back\u00a0!\u00a0\u00bb clame-t-il, d\u00e9sireux de r\u00e9affirmer le leadership mondial de l\u2019Am\u00e9rique. Confiner les int\u00e9r\u00eats \u00e9go\u00efstes des Am\u00e9ricains dans son propre pays, \u00e0 l\u2019instar de son pr\u00e9d\u00e9cesseur, ne lui suffit pas. Il ambitionne de diriger le monde. Je suppose, en assumant le risque d\u2019\u00eatre tax\u00e9 de na\u00efvet\u00e9, qu\u2019il le con\u00e7oit sur le plan id\u00e9ologique, culturel et \u00e9conomique, et pas militaire.<\/p>\n\n\n\n<p>Il n\u2019emp\u00eache, ce genre de refrain devrait tonner telle une menace aux oreilles de nos responsables europ\u00e9ens. Imaginez un de ceux-ci claironner \u00ab\u00a0Europe first\u00a0!\u00a0\u00bb et la salle scander comme un seul homme \u00ab\u00a0Europe\u00a0! Europe\u00a0! Europe\u00a0!\u00a0\u00bb. Grotesquement ridicule. <strong>Nous ne partageons d\u00e9cid\u00e9ment pas la m\u00eame culture des deux c\u00f4t\u00e9s de l\u2019Oc\u00e9an Atlantique<\/strong>. La main sur la Bible, le pr\u00e9sident pr\u00eate serment \u00ab\u00a0God Bless the United States of America\u00a0\u00bb. S\u00e9paration des \u00c9glises et de l\u2019\u00c9tat\u00a0? Il faut en pratique \u00eatre millionnaire au moins par dizaines pour se pr\u00e9senter \u00e0 la course \u00e0 la Maison-Blanche. \u00c9galit\u00e9 des chances\u00a0? L\u2019Obamacare fait p\u00e2le figure face aux acquis sociaux en Europe, en d\u00e9pit de leur saccage par des dirigeants comme Macron. Que dire de la (sur)vie des pensionn\u00e9s, des malades, des enfants de milieux d\u00e9favoris\u00e9s et des prisonniers d\u00e9tenus \u00e0 Guantanamo\u00a0? Et la peine de mort\u00a0? Le racisme\u00a0? La r\u00e9ussite d\u2019une soci\u00e9t\u00e9 ne se juge pas en admirant les 10% du haut, mais en observant le traitement r\u00e9serv\u00e9 aux 10% du bas. Vues sous cet angle, les institutions politiques en Europe, m\u00eame si elles sont loin d\u2019\u00eatre parfaites, peuvent sans vantardise s\u2019enorgueillir d\u2019un bien plus grand succ\u00e8s social que les \u00c9tats-Unis.<\/p>\n\n\n\n<p><strong>Nous aurions pu esp\u00e9rer qu\u2019\u00e0 la lumi\u00e8re de la tragicom\u00e9die Trump, nos responsables se d\u00e9cideraient enfin \u00e0 ne plus syst\u00e9matiquement se tourner vers notre lointain cousin am\u00e9ricain<\/strong> en mati\u00e8re de politique ext\u00e9rieure et \u00e0 plus souvent d\u00e9tourner le regard de par dessus l\u2019oc\u00e9an Atlantique pour mieux se concentrer sur notre continent, sur ce que l\u2019Union europ\u00e9enne pourrait et devrait \u00eatre, sur son renforcement au-del\u00e0 de la simple \u00e9conomie. Il semble cependant qu\u2019ils ne l\u2019ont malheureusement toujours pas compris et que l\u2019\u00e9ventualit\u00e9 de se lib\u00e9rer de leur <strong>soumission volontaire \u00e0 notre\u00a0<em>pire ami<\/em>\u00a0<\/strong>ne les a m\u00eame pas effleur\u00e9s. Lorsqu\u2019il s\u2019agira d\u2019appliquer la lib\u00e9racit\u00e9, <strong>attendons-nous \u00e0 une contre-attaque sans piti\u00e9 de notre\u00a0<em>meilleur ennemi<\/em><\/strong>.<\/p>\n","protected":false},"excerpt":{"rendered":"<p>12 janvier 2025(extrait du livre \u00ab\u00a0Lib\u00e9racit\u00e9\u00a0\u00bb. Ce passage a \u00e9t\u00e9 \u00e9crit dans le courant de l&rsquo;ann\u00e9e 2020 et l\u00e9g\u00e8rement adapt\u00e9 avant publication). Ma g\u00e9n\u00e9ration X aurait grandi sous l\u2019aile bienfaisante des \u00c9tats-Unis. Militaire d\u2019abord. Sans eux, nous serions sous dominance nazie. Sans eux, nous serions communistes. C\u2019est ce qu\u2019on nous apprenait \u00e0 l\u2019\u00e9cole. \u00c9conomique ensuite, [&hellip;]<\/p>\n","protected":false},"author":1,"featured_media":0,"parent":0,"menu_order":0,"comment_status":"closed","ping_status":"closed","template":"","meta":{"footnotes":""},"class_list":["post-352","page","type-page","status-publish","hentry"],"_links":{"self":[{"href":"https:\/\/www.liberacite.com\/index.php\/wp-json\/wp\/v2\/pages\/352","targetHints":{"allow":["GET"]}}],"collection":[{"href":"https:\/\/www.liberacite.com\/index.php\/wp-json\/wp\/v2\/pages"}],"about":[{"href":"https:\/\/www.liberacite.com\/index.php\/wp-json\/wp\/v2\/types\/page"}],"author":[{"embeddable":true,"href":"https:\/\/www.liberacite.com\/index.php\/wp-json\/wp\/v2\/users\/1"}],"replies":[{"embeddable":true,"href":"https:\/\/www.liberacite.com\/index.php\/wp-json\/wp\/v2\/comments?post=352"}],"version-history":[{"count":6,"href":"https:\/\/www.liberacite.com\/index.php\/wp-json\/wp\/v2\/pages\/352\/revisions"}],"predecessor-version":[{"id":359,"href":"https:\/\/www.liberacite.com\/index.php\/wp-json\/wp\/v2\/pages\/352\/revisions\/359"}],"wp:attachment":[{"href":"https:\/\/www.liberacite.com\/index.php\/wp-json\/wp\/v2\/media?parent=352"}],"curies":[{"name":"wp","href":"https:\/\/api.w.org\/{rel}","templated":true}]}}