{"id":32,"date":"2023-10-03T19:20:40","date_gmt":"2023-10-03T17:20:40","guid":{"rendered":"http:\/\/www.liberacite.com\/?page_id=32"},"modified":"2023-10-05T14:09:32","modified_gmt":"2023-10-05T12:09:32","slug":"chapitre-3-le-vivre-ensemble-et-lutilite","status":"publish","type":"page","link":"https:\/\/www.liberacite.com\/index.php\/chapitre-3-le-vivre-ensemble-et-lutilite\/","title":{"rendered":"Chapitre 3 &#8211; Le vivre-ensemble et l&rsquo;utilit\u00e9"},"content":{"rendered":"\n<p>&lt;\u00a0<a href=\"https:\/\/www.liberacite.com\/index.php\/chapitre-2-mise-au-point-semantique\/\" data-type=\"page\" data-id=\"30\">chapitre 2<\/a>\u00a0\u00a0\u00a0\u00a0\u00a0\u00a0<a href=\"https:\/\/www.liberacite.com\/index.php\/chapitre-4-laltruisme-pour-un-leadership-utile\/\" data-type=\"page\" data-id=\"49\">chapitre 4<\/a>\u00a0><\/p>\n\n\n\n<p><strong>Table des mati\u00e8res<\/strong><\/p>\n\n\n\n<p>L\u2019humanit\u00e9 r\u00e9side dans les interactions entre individus<br>Le vivre-ensemble<br>L\u2019utilit\u00e9<br>Aucune intention universelle<br>La diversit\u00e9 comme fondation du vivre-ensemble<br>Bien-\u00eatre, bonheur et int\u00e9r\u00eat g\u00e9n\u00e9ral<br>Le droit de ne pas \u00eatre d\u2019accord<br>Transparence<br>Rapport de force utile<\/p>\n\n\n\n<p><strong>Extrait<\/strong><\/p>\n\n\n\n<p>Pour former soci\u00e9t\u00e9, il faut au moins \u00eatre deux, Vendredi et Robinson Cruso\u00e9. Tout comme celui de Michel Tournier avant qu\u2019il ne rencontre son compagnon de m\u00e9saventure, une personne seule et isol\u00e9e sans relations sociales n\u2019est pas vraiment humaine, ou pour le moins pas pleinement. Au-del\u00e0 de l\u2019exp\u00e9rience individuelle de chacun des deux protagonistes, il est fondamental de reconna\u00eetre que leur humanit\u00e9 s\u2019entretient gr\u00e2ce \u00e0 leur relation bilat\u00e9rale et r\u00e9troactive. La cr\u00e9ation, l\u2019innovation et la nouveaut\u00e9 surgissent de la collaboration entre individus. M\u00eame le g\u00e9nie d\u2019un peintre qui enfante son futur chef-d\u2019\u0153uvre seul dans son atelier \u00e9mane de l\u2019accumulation des interactions qu\u2019il a v\u00e9cues depuis qu\u2019il est n\u00e9. La mani\u00e8re unique dont il tient son pinceau, dont il con\u00e7oit le monde, dont il voit les couleurs ou dont il arrange les formes n\u2019a pu \u00e9merger que gr\u00e2ce \u00e0 son immersion dans le bain collectif de l\u2019humanit\u00e9. Bien s\u00fbr, un certain talent inn\u00e9 entre aussi en ligne de compte, mais sans son environnement social, il n\u2019aurait pu \u00e9clore. Et puis, un artiste sans public pour regarder et interpr\u00e9ter son \u0153uvre ou sa performance n\u2019en est pas un. En ce sens, je dirais qu\u2019il n\u2019existe pas de valeur intrins\u00e8que \u00e0 un individu s\u2019il n\u2019est pas en relation avec au moins une autre personne.<\/p>\n","protected":false},"excerpt":{"rendered":"<p>&lt;\u00a0chapitre 2\u00a0\u00a0\u00a0\u00a0\u00a0\u00a0chapitre 4\u00a0> Table des mati\u00e8res L\u2019humanit\u00e9 r\u00e9side dans les interactions entre individusLe vivre-ensembleL\u2019utilit\u00e9Aucune intention universelleLa diversit\u00e9 comme fondation du vivre-ensembleBien-\u00eatre, bonheur et int\u00e9r\u00eat g\u00e9n\u00e9ralLe droit de ne pas \u00eatre d\u2019accordTransparenceRapport de force utile Extrait Pour former soci\u00e9t\u00e9, il faut au moins \u00eatre deux, Vendredi et Robinson Cruso\u00e9. Tout comme celui de Michel Tournier avant [&hellip;]<\/p>\n","protected":false},"author":1,"featured_media":0,"parent":0,"menu_order":30,"comment_status":"closed","ping_status":"closed","template":"","meta":{"footnotes":""},"class_list":["post-32","page","type-page","status-publish","hentry"],"_links":{"self":[{"href":"https:\/\/www.liberacite.com\/index.php\/wp-json\/wp\/v2\/pages\/32","targetHints":{"allow":["GET"]}}],"collection":[{"href":"https:\/\/www.liberacite.com\/index.php\/wp-json\/wp\/v2\/pages"}],"about":[{"href":"https:\/\/www.liberacite.com\/index.php\/wp-json\/wp\/v2\/types\/page"}],"author":[{"embeddable":true,"href":"https:\/\/www.liberacite.com\/index.php\/wp-json\/wp\/v2\/users\/1"}],"replies":[{"embeddable":true,"href":"https:\/\/www.liberacite.com\/index.php\/wp-json\/wp\/v2\/comments?post=32"}],"version-history":[{"count":2,"href":"https:\/\/www.liberacite.com\/index.php\/wp-json\/wp\/v2\/pages\/32\/revisions"}],"predecessor-version":[{"id":137,"href":"https:\/\/www.liberacite.com\/index.php\/wp-json\/wp\/v2\/pages\/32\/revisions\/137"}],"wp:attachment":[{"href":"https:\/\/www.liberacite.com\/index.php\/wp-json\/wp\/v2\/media?parent=32"}],"curies":[{"name":"wp","href":"https:\/\/api.w.org\/{rel}","templated":true}]}}