{"id":28,"date":"2023-10-03T19:18:28","date_gmt":"2023-10-03T17:18:28","guid":{"rendered":"http:\/\/www.liberacite.com\/?page_id=28"},"modified":"2023-10-05T15:15:24","modified_gmt":"2023-10-05T13:15:24","slug":"chapitre-1-principes-dethique-politique","status":"publish","type":"page","link":"https:\/\/www.liberacite.com\/index.php\/chapitre-1-principes-dethique-politique\/","title":{"rendered":"Chapitre 1 &#8211; Principes d&rsquo;\u00e9thique politique"},"content":{"rendered":"\n<p>&lt;&nbsp;<a href=\"https:\/\/www.liberacite.com\/index.php\/preambule\/\" data-type=\"page\" data-id=\"25\">pr\u00e9ambule<\/a>&nbsp;&nbsp;&nbsp;&nbsp;&nbsp;<a href=\"https:\/\/www.liberacite.com\/index.php\/chapitre-2-mise-au-point-semantique\/\" data-type=\"page\" data-id=\"30\">chapitre 2<\/a>&nbsp;&gt;<\/p>\n\n\n\n<p><strong>Table des mati\u00e8res<\/strong><\/p>\n\n\n\n<p>Principe no 1 \u2013 Le vivre-ensemble<br>Principe no 2 \u2013 L\u2019utilit\u00e9 de l\u2019action politique<br>Principe no 3 \u2013 Le droit de voter prime le droit de vote<br>Principe no 4 \u2013 La pleine l\u00e9gitimit\u00e9 des \u00e9lus<br>Principe no 5 \u2013 L\u2019altruisme pour un leadership utile<br>Principe no 6 \u2013 Le droit de ne pas \u00eatre d\u2019accord<br>Principe no 7 \u2013 La lutte des classes<br>Principe no 8 \u2013 La lib\u00e9racit\u00e9\u00a0: s\u00e9paration du capitalisme et de l\u2019\u00c9tat<br>Principe no 9 \u2013 Le faire-ensemble<br>Principe no 10 \u2013 La loi prime les croyances<\/p>\n\n\n\n<p><strong>Extrait<\/strong><\/p>\n\n\n\n<p>Certaines id\u00e9es pr\u00e9existent aux r\u00e9voltes qu\u2019elles portent, aux changements de cap radicaux, \u00e0 la r\u00e9alisation concr\u00e8te des avanc\u00e9es sociales. Le concept moderne de s\u00e9paration des \u00c9glises et de l\u2019\u00c9tat a \u00e9t\u00e9 pens\u00e9 plus d\u2019un si\u00e8cle avant la R\u00e9volution fran\u00e7aise. Les \u00e9crits et les discours de Marx et de ses camarades ont \u00e9t\u00e9 le moteur m\u00eame des r\u00e9gimes communistes du&nbsp;xx<sup>e<\/sup>&nbsp;si\u00e8cle. C\u2019est dans cette lign\u00e9e que s\u2019inscrit la gen\u00e8se de cet ouvrage. Je constate un manque cruel de vision de l\u2019<em>apr\u00e8s<\/em>, que ce soit au lendemain de la r\u00e9volution des opprim\u00e9s du capitalisme ou de la victoire aux \u00e9lections d\u2019un gouvernement de gauche radicale. Que d\u00e9cider en ce moment historique&nbsp;? Et m\u00eame si la fin de l\u2019h\u00e9g\u00e9monie du lib\u00e9ralisme capitaliste se produisait en douceur, sans r\u00e9volution, de l\u2019int\u00e9rieur par un miraculeux, ou pour le moins inattendu, engagement de nos responsables de changer le syst\u00e8me en profondeur, la question resterait la m\u00eame. Sur quels principes construire cette nouvelle soci\u00e9t\u00e9&nbsp;? C\u2019est \u00e0 cette question sp\u00e9cifique que tente de r\u00e9pondre cet essai.<\/p>\n\n\n\n<figure class=\"wp-block-image\"><a href=\"https:\/\/liberacite.files.wordpress.com\/2023\/03\/image-1.png\"><img decoding=\"async\" src=\"https:\/\/liberacite.files.wordpress.com\/2023\/03\/image-1.png?w=940\" alt=\"\" class=\"wp-image-1420\"\/><\/a><\/figure>\n\n\n\n<p><\/p>\n","protected":false},"excerpt":{"rendered":"<p>&lt;&nbsp;pr\u00e9ambule&nbsp;&nbsp;&nbsp;&nbsp;&nbsp;chapitre 2&nbsp;&gt; Table des mati\u00e8res Principe no 1 \u2013 Le vivre-ensemblePrincipe no 2 \u2013 L\u2019utilit\u00e9 de l\u2019action politiquePrincipe no 3 \u2013 Le droit de voter prime le droit de votePrincipe no 4 \u2013 La pleine l\u00e9gitimit\u00e9 des \u00e9lusPrincipe no 5 \u2013 L\u2019altruisme pour un leadership utilePrincipe no 6 \u2013 Le droit de ne pas \u00eatre [&hellip;]<\/p>\n","protected":false},"author":1,"featured_media":0,"parent":0,"menu_order":10,"comment_status":"closed","ping_status":"closed","template":"","meta":{"footnotes":""},"class_list":["post-28","page","type-page","status-publish","hentry"],"_links":{"self":[{"href":"https:\/\/www.liberacite.com\/index.php\/wp-json\/wp\/v2\/pages\/28","targetHints":{"allow":["GET"]}}],"collection":[{"href":"https:\/\/www.liberacite.com\/index.php\/wp-json\/wp\/v2\/pages"}],"about":[{"href":"https:\/\/www.liberacite.com\/index.php\/wp-json\/wp\/v2\/types\/page"}],"author":[{"embeddable":true,"href":"https:\/\/www.liberacite.com\/index.php\/wp-json\/wp\/v2\/users\/1"}],"replies":[{"embeddable":true,"href":"https:\/\/www.liberacite.com\/index.php\/wp-json\/wp\/v2\/comments?post=28"}],"version-history":[{"count":3,"href":"https:\/\/www.liberacite.com\/index.php\/wp-json\/wp\/v2\/pages\/28\/revisions"}],"predecessor-version":[{"id":146,"href":"https:\/\/www.liberacite.com\/index.php\/wp-json\/wp\/v2\/pages\/28\/revisions\/146"}],"wp:attachment":[{"href":"https:\/\/www.liberacite.com\/index.php\/wp-json\/wp\/v2\/media?parent=28"}],"curies":[{"name":"wp","href":"https:\/\/api.w.org\/{rel}","templated":true}]}}