{"id":23,"date":"2023-10-03T19:14:49","date_gmt":"2023-10-03T17:14:49","guid":{"rendered":"http:\/\/www.liberacite.com\/?page_id=23"},"modified":"2023-10-05T14:06:01","modified_gmt":"2023-10-05T12:06:01","slug":"le-livre-4eme-de-couverture","status":"publish","type":"page","link":"https:\/\/www.liberacite.com\/index.php\/le-livre-4eme-de-couverture\/","title":{"rendered":"4\u00e8me de couverture"},"content":{"rendered":"\n<p><a href=\"https:\/\/www.liberacite.com\/index.php\/preambule\/\" data-type=\"page\" data-id=\"25\">pr\u00e9ambule<\/a>\u00a0><\/p>\n\n\n\n<p><img decoding=\"async\" style=\"width: 100px;\" src=\"https:\/\/liberacite.files.wordpress.com\/2023\/05\/image-titre.jpg\" alt=\"\">&nbsp;est un essai politique sur le malaise contemporain qui a la particularit\u00e9 de compl\u00e9ter l&rsquo;analyse d\u2019une combinaison coh\u00e9rente de propositions concr\u00e8tes.<\/p>\n\n\n\n<p>L\u2019auteur, qui a par ses voyages crois\u00e9 diff\u00e9rentes organisations socio-politiques, pose un diagnostic complet et pr\u00e9cis de la crise profonde que traverse notre soci\u00e9t\u00e9 et isole&nbsp;des principes d\u2019actions innovants qui en sont inspir\u00e9s. Contrairement aux valeurs, dont nous h\u00e9ritons, les principes expriment un choix collectif d\u00e9terminant la mani\u00e8re dont nous voudrions vivre ensemble.<\/p>\n\n\n\n<p>Partant de ces observations, il propose une d\u00e9marche visant \u00e0 restaurer ce qui lui semble \u00eatre la caract\u00e9ristique souhaitable de tout syst\u00e8me social \u00ab\u00a0sain\u00a0\u00bb : l&rsquo;harmonie. Ainsi, il expose comment maximiser la coh\u00e9sion du corps social en r\u00e9orientant les institutions politiques vers cet objectif, \u00e0 la condition de ne pas \u00e9luder un salutaire travail de s\u00e9paration de ces institutions d&rsquo;avec le pouvoir \u00e9conomique et la structure capitaliste.<\/p>\n","protected":false},"excerpt":{"rendered":"<p>pr\u00e9ambule\u00a0> &nbsp;est un essai politique sur le malaise contemporain qui a la particularit\u00e9 de compl\u00e9ter l&rsquo;analyse d\u2019une combinaison coh\u00e9rente de propositions concr\u00e8tes. L\u2019auteur, qui a par ses voyages crois\u00e9 diff\u00e9rentes organisations socio-politiques, pose un diagnostic complet et pr\u00e9cis de la crise profonde que traverse notre soci\u00e9t\u00e9 et isole&nbsp;des principes d\u2019actions innovants qui en sont inspir\u00e9s. [&hellip;]<\/p>\n","protected":false},"author":1,"featured_media":0,"parent":0,"menu_order":7,"comment_status":"closed","ping_status":"closed","template":"","meta":{"footnotes":""},"class_list":["post-23","page","type-page","status-publish","hentry"],"_links":{"self":[{"href":"https:\/\/www.liberacite.com\/index.php\/wp-json\/wp\/v2\/pages\/23","targetHints":{"allow":["GET"]}}],"collection":[{"href":"https:\/\/www.liberacite.com\/index.php\/wp-json\/wp\/v2\/pages"}],"about":[{"href":"https:\/\/www.liberacite.com\/index.php\/wp-json\/wp\/v2\/types\/page"}],"author":[{"embeddable":true,"href":"https:\/\/www.liberacite.com\/index.php\/wp-json\/wp\/v2\/users\/1"}],"replies":[{"embeddable":true,"href":"https:\/\/www.liberacite.com\/index.php\/wp-json\/wp\/v2\/comments?post=23"}],"version-history":[{"count":5,"href":"https:\/\/www.liberacite.com\/index.php\/wp-json\/wp\/v2\/pages\/23\/revisions"}],"predecessor-version":[{"id":133,"href":"https:\/\/www.liberacite.com\/index.php\/wp-json\/wp\/v2\/pages\/23\/revisions\/133"}],"wp:attachment":[{"href":"https:\/\/www.liberacite.com\/index.php\/wp-json\/wp\/v2\/media?parent=23"}],"curies":[{"name":"wp","href":"https:\/\/api.w.org\/{rel}","templated":true}]}}