{"id":21,"date":"2023-10-03T19:12:20","date_gmt":"2023-10-03T17:12:20","guid":{"rendered":"http:\/\/www.liberacite.com\/?page_id=21"},"modified":"2024-08-24T10:38:32","modified_gmt":"2024-08-24T08:38:32","slug":"bienvenu-sur-le-site-dechange-didees-sur-le-livre-liberacite","status":"publish","type":"page","link":"https:\/\/www.liberacite.com\/","title":{"rendered":"Bienvenue sur le site du livre \u00ab\u00a0Lib\u00e9racit\u00e9\u00a0\u00bb"},"content":{"rendered":"\n<p>Cet essai \u00ab\u00a0Lib\u00e9racit\u00e9 et autres principes d&rsquo;\u00e9thique politique visant l&rsquo;harmonie sociale\u00a0\u00bb est publi\u00e9 par les \u00c9ditions de l\u2019Onde. Il est en vente depuis le 27 octobre 2023 dans les librairies et sur les sites en ligne.<\/p>\n\n\n\n<p>Ce site contient une page par chapitre pr\u00e9sentant chacune une table des mati\u00e8res d\u00e9taill\u00e9e et un extrait. Elles sont accessibles dans le menu \u00ab\u00a0<a href=\"https:\/\/www.liberacite.com\/index.php\/couverture\/\" data-type=\"page\" data-id=\"119\">L&rsquo;essai<\/a>\u00ab\u00a0.<\/p>\n\n\n\n<p>Vous trouverez d\u2019autres petites publications sous la rubrique \u00ab\u00a0<a href=\"https:\/\/www.liberacite.com\/index.php\/supplements\/\" data-type=\"page\" data-id=\"124\">Suppl\u00e9ments<\/a>\u00ab\u00a0.<\/p>\n\n\n\n<p>Lorsque vous aurez lu le livre, en tout ou en partie, n&rsquo;h\u00e9sitez pas \u00e0 partager vos commentaires ci-dessous.<\/p>\n\n\n\n<p>Bonne lecture et merci d\u2019avance pour lancer le d\u00e9bat !<\/p>\n","protected":false},"excerpt":{"rendered":"<p>Cet essai \u00ab\u00a0Lib\u00e9racit\u00e9 et autres principes d&rsquo;\u00e9thique politique visant l&rsquo;harmonie sociale\u00a0\u00bb est publi\u00e9 par les \u00c9ditions de l\u2019Onde. Il est en vente depuis le 27 octobre 2023 dans les librairies et sur les sites en ligne. Ce site contient une page par chapitre pr\u00e9sentant chacune une table des mati\u00e8res d\u00e9taill\u00e9e et un extrait. Elles sont [&hellip;]<\/p>\n","protected":false},"author":1,"featured_media":0,"parent":0,"menu_order":1,"comment_status":"open","ping_status":"closed","template":"","meta":{"footnotes":""},"class_list":["post-21","page","type-page","status-publish","hentry"],"_links":{"self":[{"href":"https:\/\/www.liberacite.com\/index.php\/wp-json\/wp\/v2\/pages\/21","targetHints":{"allow":["GET"]}}],"collection":[{"href":"https:\/\/www.liberacite.com\/index.php\/wp-json\/wp\/v2\/pages"}],"about":[{"href":"https:\/\/www.liberacite.com\/index.php\/wp-json\/wp\/v2\/types\/page"}],"author":[{"embeddable":true,"href":"https:\/\/www.liberacite.com\/index.php\/wp-json\/wp\/v2\/users\/1"}],"replies":[{"embeddable":true,"href":"https:\/\/www.liberacite.com\/index.php\/wp-json\/wp\/v2\/comments?post=21"}],"version-history":[{"count":14,"href":"https:\/\/www.liberacite.com\/index.php\/wp-json\/wp\/v2\/pages\/21\/revisions"}],"predecessor-version":[{"id":327,"href":"https:\/\/www.liberacite.com\/index.php\/wp-json\/wp\/v2\/pages\/21\/revisions\/327"}],"wp:attachment":[{"href":"https:\/\/www.liberacite.com\/index.php\/wp-json\/wp\/v2\/media?parent=21"}],"curies":[{"name":"wp","href":"https:\/\/api.w.org\/{rel}","templated":true}]}}