{"id":168,"date":"2024-02-12T18:38:02","date_gmt":"2024-02-12T17:38:02","guid":{"rendered":"http:\/\/www.liberacite.com\/?page_id=168"},"modified":"2024-08-24T10:22:45","modified_gmt":"2024-08-24T08:22:45","slug":"gouverner-cest-punir-justement","status":"publish","type":"page","link":"https:\/\/www.liberacite.com\/index.php\/gouverner-cest-punir-justement\/","title":{"rendered":"La d\u00e9mocratie, c&rsquo;est punir justement"},"content":{"rendered":"\n<p>12 f\u00e9vrier 2024<\/p>\n\n\n\n<p>Comme discut\u00e9 dans l&rsquo;autre post <a href=\"https:\/\/www.liberacite.com\/index.php\/illegitimite-de-toute-violence\/\" data-type=\"page\" data-id=\"111\">Ill\u00e9gitimit\u00e9 de toute violence<\/a>, la souverainet\u00e9 d&rsquo;un peuple s&rsquo;exprime pleinement par l&rsquo;application de son droit exclusif \u00e0 la contrainte par la force. Pour assurer la paix sociale, les instances dirigeantes reconnues comme telles ont l&rsquo;obligation du recours \u00e0 la force pour contraindre tous ses membres au respect des r\u00e8gles. Pour gouverner, il faut donc \u00eatre pr\u00eat \u00e0 punir, au nom du peuple, les contrevenants.<\/p>\n\n\n\n<p>C&rsquo;est l\u00e0, pr\u00e9cis\u00e9ment l\u00e0, que la souverainet\u00e9 d&rsquo;un peuple s&rsquo;applique. Mais c&rsquo;est \u00e9galement l\u00e0, pr\u00e9cis\u00e9ment l\u00e0, que les gouvernements autoritaires d\u00e9rapent et que la bascule vers la dictature s&rsquo;op\u00e8re. Si une dictature devait s&rsquo;installer prochainement dans une des d\u00e9mocraties occidentales, c&rsquo;est pr\u00e9cis\u00e9ment par la \u00ab\u00a0bonne\u00a0\u00bb application de la souverainet\u00e9 du peuple qu&rsquo;elle r\u00e9ussirait \u00e0 s&rsquo;imposer. \u00c0 notre \u00e9poque, la dictature est fille de la d\u00e9mocratie. C&rsquo;est par la marque fondamentale de ce qu&rsquo;est une d\u00e9mocratie, par cette n\u00e9cessit\u00e9 pour le peuple de se contr\u00f4ler lui-m\u00eame, que la dictature peut s&rsquo;installer.<\/p>\n\n\n\n<p>Pour \u00e9viter ce basculement, toute punition doit \u00eatre juste, c&rsquo;est-\u00e0-dire comprise comme telle par le peuple. La justice est juste que lorsqu&rsquo;elle est reconnue par (presque) tous. Or, elle se construit en deux temps: 1) le pouvoir l\u00e9gislatif d\u00e9finit les lois et 2) la police et la justice la font respecter. Si une d\u00e9cision de justice est d\u00e9nonc\u00e9e comme injuste, il ne sert donc \u00e0 rien de critiquer les instances judiciaires, car celles-ci ne font qu&rsquo;appliquer les lois; il faut demander aux l\u00e9gislateurs de corriger les lois impliqu\u00e9es. C&rsquo;est par l&rsquo;imposition de lois consid\u00e9r\u00e9es injustes par le peuple qu&rsquo;un gouvernement affiche ses penchants autoritaires. Pour rebasculer dans la d\u00e9mocratie, tout gouvernement et les experts qui le conseillent doivent faire preuve d&rsquo;humilit\u00e9 en se soumettant aux exigences du peuple. Ou il peut d\u00e9missionner. L&rsquo;\u00e9pisode en France sur les nouvelles lois relatives \u00e0 la pension en offre une illustration tr\u00e8s concr\u00e8te.<\/p>\n","protected":false},"excerpt":{"rendered":"<p>12 f\u00e9vrier 2024 Comme discut\u00e9 dans l&rsquo;autre post Ill\u00e9gitimit\u00e9 de toute violence, la souverainet\u00e9 d&rsquo;un peuple s&rsquo;exprime pleinement par l&rsquo;application de son droit exclusif \u00e0 la contrainte par la force. Pour assurer la paix sociale, les instances dirigeantes reconnues comme telles ont l&rsquo;obligation du recours \u00e0 la force pour contraindre tous ses membres au respect [&hellip;]<\/p>\n","protected":false},"author":1,"featured_media":0,"parent":0,"menu_order":0,"comment_status":"closed","ping_status":"closed","template":"","meta":{"footnotes":""},"class_list":["post-168","page","type-page","status-publish","hentry"],"_links":{"self":[{"href":"https:\/\/www.liberacite.com\/index.php\/wp-json\/wp\/v2\/pages\/168","targetHints":{"allow":["GET"]}}],"collection":[{"href":"https:\/\/www.liberacite.com\/index.php\/wp-json\/wp\/v2\/pages"}],"about":[{"href":"https:\/\/www.liberacite.com\/index.php\/wp-json\/wp\/v2\/types\/page"}],"author":[{"embeddable":true,"href":"https:\/\/www.liberacite.com\/index.php\/wp-json\/wp\/v2\/users\/1"}],"replies":[{"embeddable":true,"href":"https:\/\/www.liberacite.com\/index.php\/wp-json\/wp\/v2\/comments?post=168"}],"version-history":[{"count":7,"href":"https:\/\/www.liberacite.com\/index.php\/wp-json\/wp\/v2\/pages\/168\/revisions"}],"predecessor-version":[{"id":303,"href":"https:\/\/www.liberacite.com\/index.php\/wp-json\/wp\/v2\/pages\/168\/revisions\/303"}],"wp:attachment":[{"href":"https:\/\/www.liberacite.com\/index.php\/wp-json\/wp\/v2\/media?parent=168"}],"curies":[{"name":"wp","href":"https:\/\/api.w.org\/{rel}","templated":true}]}}