{"id":153,"date":"2023-10-22T18:03:15","date_gmt":"2023-10-22T16:03:15","guid":{"rendered":"http:\/\/www.liberacite.com\/?page_id=153"},"modified":"2024-04-16T16:43:49","modified_gmt":"2024-04-16T14:43:49","slug":"nous-contacter","status":"publish","type":"page","link":"https:\/\/www.liberacite.com\/index.php\/nous-contacter\/","title":{"rendered":"Nous contacter"},"content":{"rendered":"\n<p>Pour contacter l&rsquo;auteur:<br><a href=\"mailto:dupont@liberacite.com\">dupont@liberacite.com<\/a><\/p>\n\n\n\n<p>Pour contacter les \u00e9diteurs:<br><a href=\"https:\/\/editionsfm.com\" target=\"_blank\" rel=\"noreferrer noopener\">https:\/\/editionsfm.com<\/a><br><a href=\"https:\/\/editions-onde.com\" target=\"_blank\" rel=\"noreferrer noopener\">https:\/\/editions-onde.com<\/a><\/p>\n\n\n\n<p><strong>Vous \u00eates journaliste, blogueur, blogueuse, influenceuse, influenceur, etc.<\/strong><br>Vous d\u00e9sirez un exemplaire de presse pour recension ou critique ?<\/p>\n\n\n\n<p>Envoyez votre demande par email \u00e0 la maison d&rsquo;\u00e9dition <a href=\"mailto:admin@editionsfm.com\">admin@editionsfm.com<\/a>, en l&rsquo;accompagnant d&rsquo;une br\u00e8ve pr\u00e9sentation de votre travail, site ou blog.<\/p>\n","protected":false},"excerpt":{"rendered":"<p>Pour contacter l&rsquo;auteur:dupont@liberacite.com Pour contacter les \u00e9diteurs:https:\/\/editionsfm.comhttps:\/\/editions-onde.com Vous \u00eates journaliste, blogueur, blogueuse, influenceuse, influenceur, etc.Vous d\u00e9sirez un exemplaire de presse pour recension ou critique ? Envoyez votre demande par email \u00e0 la maison d&rsquo;\u00e9dition admin@editionsfm.com, en l&rsquo;accompagnant d&rsquo;une br\u00e8ve pr\u00e9sentation de votre travail, site ou blog.<\/p>\n","protected":false},"author":1,"featured_media":0,"parent":0,"menu_order":0,"comment_status":"closed","ping_status":"closed","template":"","meta":{"footnotes":""},"class_list":["post-153","page","type-page","status-publish","hentry"],"_links":{"self":[{"href":"https:\/\/www.liberacite.com\/index.php\/wp-json\/wp\/v2\/pages\/153","targetHints":{"allow":["GET"]}}],"collection":[{"href":"https:\/\/www.liberacite.com\/index.php\/wp-json\/wp\/v2\/pages"}],"about":[{"href":"https:\/\/www.liberacite.com\/index.php\/wp-json\/wp\/v2\/types\/page"}],"author":[{"embeddable":true,"href":"https:\/\/www.liberacite.com\/index.php\/wp-json\/wp\/v2\/users\/1"}],"replies":[{"embeddable":true,"href":"https:\/\/www.liberacite.com\/index.php\/wp-json\/wp\/v2\/comments?post=153"}],"version-history":[{"count":10,"href":"https:\/\/www.liberacite.com\/index.php\/wp-json\/wp\/v2\/pages\/153\/revisions"}],"predecessor-version":[{"id":205,"href":"https:\/\/www.liberacite.com\/index.php\/wp-json\/wp\/v2\/pages\/153\/revisions\/205"}],"wp:attachment":[{"href":"https:\/\/www.liberacite.com\/index.php\/wp-json\/wp\/v2\/media?parent=153"}],"curies":[{"name":"wp","href":"https:\/\/api.w.org\/{rel}","templated":true}]}}