{"id":124,"date":"2023-10-05T13:59:38","date_gmt":"2023-10-05T11:59:38","guid":{"rendered":"http:\/\/www.liberacite.com\/?page_id=124"},"modified":"2024-08-24T10:21:03","modified_gmt":"2024-08-24T08:21:03","slug":"supplements","status":"publish","type":"page","link":"https:\/\/www.liberacite.com\/index.php\/supplements\/","title":{"rendered":"Suppl\u00e9ments"},"content":{"rendered":"\n<p>Vous trouverez sous cette rubriques d&rsquo;autres textes de l&rsquo;auteur.<\/p>\n\n\n\n<p><a href=\"https:\/\/www.liberacite.com\/index.php\/je-suis-un-chien\/\" data-type=\"page\" data-id=\"113\">Je suis un chien<\/a><\/p>\n\n\n\n<p><a href=\"https:\/\/www.liberacite.com\/index.php\/le-droit-de-propriete\/\" data-type=\"page\" data-id=\"267\">Le \u00ab\u00a0droit\u00a0\u00bb de propri\u00e9t\u00e9 : un privil\u00e8ge sous conditions<\/a><\/p>\n\n\n\n<p><a href=\"https:\/\/www.liberacite.com\/index.php\/gouverner-cest-punir-justement\/\" data-type=\"page\" data-id=\"168\">La d\u00e9mocratie, c&rsquo;est punir justement<\/a><\/p>\n\n\n\n<p><a href=\"https:\/\/www.liberacite.com\/index.php\/illegitimite-de-toute-violence\/\" data-type=\"page\" data-id=\"111\">Ill\u00e9gitimit\u00e9 de toute violence<\/a><\/p>\n","protected":false},"excerpt":{"rendered":"<p>Vous trouverez sous cette rubriques d&rsquo;autres textes de l&rsquo;auteur. Je suis un chien Le \u00ab\u00a0droit\u00a0\u00bb de propri\u00e9t\u00e9 : un privil\u00e8ge sous conditions La d\u00e9mocratie, c&rsquo;est punir justement Ill\u00e9gitimit\u00e9 de toute violence<\/p>\n","protected":false},"author":1,"featured_media":0,"parent":0,"menu_order":499,"comment_status":"closed","ping_status":"closed","template":"","meta":{"footnotes":""},"class_list":["post-124","page","type-page","status-publish","hentry"],"_links":{"self":[{"href":"https:\/\/www.liberacite.com\/index.php\/wp-json\/wp\/v2\/pages\/124","targetHints":{"allow":["GET"]}}],"collection":[{"href":"https:\/\/www.liberacite.com\/index.php\/wp-json\/wp\/v2\/pages"}],"about":[{"href":"https:\/\/www.liberacite.com\/index.php\/wp-json\/wp\/v2\/types\/page"}],"author":[{"embeddable":true,"href":"https:\/\/www.liberacite.com\/index.php\/wp-json\/wp\/v2\/users\/1"}],"replies":[{"embeddable":true,"href":"https:\/\/www.liberacite.com\/index.php\/wp-json\/wp\/v2\/comments?post=124"}],"version-history":[{"count":4,"href":"https:\/\/www.liberacite.com\/index.php\/wp-json\/wp\/v2\/pages\/124\/revisions"}],"predecessor-version":[{"id":301,"href":"https:\/\/www.liberacite.com\/index.php\/wp-json\/wp\/v2\/pages\/124\/revisions\/301"}],"wp:attachment":[{"href":"https:\/\/www.liberacite.com\/index.php\/wp-json\/wp\/v2\/media?parent=124"}],"curies":[{"name":"wp","href":"https:\/\/api.w.org\/{rel}","templated":true}]}}